{"id":2,"date":"2025-12-30T14:28:33","date_gmt":"2025-12-30T13:28:33","guid":{"rendered":"https:\/\/poolsb2b.com\/?page_id=2"},"modified":"2026-01-15T16:37:28","modified_gmt":"2026-01-15T15:37:28","slug":"beispiel-seite","status":"publish","type":"page","link":"https:\/\/poolsb2b.com\/","title":{"rendered":"Home"},"content":{"rendered":"\t\t<div data-elementor-type=\"wp-page\" data-elementor-id=\"2\" class=\"elementor elementor-2\">\n\t\t\t\t\t\t<section data-exad-particle-enable=\"false\" class=\"elementor-section elementor-top-section elementor-element elementor-element-9eacd2a elementor-section-full_width elementor-section-height-default elementor-section-height-default exad-parallax-effect-no exad-background-color-change-no exad-glass-effect-no exad-sticky-section-no\" data-id=\"9eacd2a\" data-element_type=\"section\" data-e-type=\"section\">\n\t\t\t\t\t\t<div class=\"elementor-container elementor-column-gap-default\">\n\t\t\t\t\t<div class=\"elementor-column elementor-col-100 elementor-top-column elementor-element elementor-element-9492ed5 exad-glass-effect-no exad-sticky-section-no\" data-id=\"9492ed5\" data-element_type=\"column\" data-e-type=\"column\">\n\t\t\t<div class=\"elementor-widget-wrap elementor-element-populated\">\n\t\t\t\t\t\t<div class=\"elementor-element elementor-element-1e8a4a7 exad-sticky-section-no exad-glass-effect-no elementor-widget elementor-widget-video\" data-id=\"1e8a4a7\" data-element_type=\"widget\" data-e-type=\"widget\" data-settings=\"{&quot;video_type&quot;:&quot;hosted&quot;,&quot;autoplay&quot;:&quot;yes&quot;,&quot;mute&quot;:&quot;yes&quot;,&quot;loop&quot;:&quot;yes&quot;}\" data-widget_type=\"video.default\">\n\t\t\t\t<div class=\"elementor-widget-container\">\n\t\t\t\t\t\t\t<div class=\"e-hosted-video elementor-wrapper elementor-open-inline\">\n\t\t\t\t\t<video class=\"elementor-video\" src=\"https:\/\/poolsb2b.com\/wp-content\/uploads\/2026\/01\/Prefab1.mp4\" autoplay=\"\" loop=\"\" muted=\"muted\" controlsList=\"nodownload\"><\/video>\n\t\t\t\t<\/div>\n\t\t\t\t\t\t<\/div>\n\t\t\t\t<\/div>\n\t\t\t\t\t<\/div>\n\t\t<\/div>\n\t\t\t\t\t<\/div>\n\t\t<\/section>\n\t\t\t\t<section data-exad-particle-enable=\"false\" class=\"elementor-section elementor-top-section elementor-element elementor-element-603ee75 elementor-hidden-mobile elementor-section-boxed elementor-section-height-default elementor-section-height-default exad-parallax-effect-no exad-background-color-change-no exad-glass-effect-no exad-sticky-section-no\" data-id=\"603ee75\" data-element_type=\"section\" data-e-type=\"section\" data-settings=\"{&quot;background_background&quot;:&quot;gradient&quot;}\">\n\t\t\t\t\t\t<div class=\"elementor-container elementor-column-gap-default\">\n\t\t\t\t\t<div class=\"elementor-column elementor-col-100 elementor-top-column elementor-element elementor-element-621291c exad-glass-effect-no exad-sticky-section-no\" data-id=\"621291c\" data-element_type=\"column\" data-e-type=\"column\">\n\t\t\t<div class=\"elementor-widget-wrap elementor-element-populated\">\n\t\t\t\t\t\t<div class=\"elementor-element elementor-element-1b9136d exad-sticky-section-no exad-glass-effect-no elementor-widget elementor-widget-heading\" data-id=\"1b9136d\" data-element_type=\"widget\" data-e-type=\"widget\" data-widget_type=\"heading.default\">\n\t\t\t\t<div class=\"elementor-widget-container\">\n\t\t\t\t\t<h2 class=\"elementor-heading-title elementor-size-default\">Edelstahlpools vom Profi f\u00fcr den Profi<br>\nVerkauf ab Werk<\/h2>\t\t\t\t<\/div>\n\t\t\t\t<\/div>\n\t\t\t\t\t<\/div>\n\t\t<\/div>\n\t\t\t\t\t<\/div>\n\t\t<\/section>\n\t\t\t\t<section data-exad-particle-enable=\"false\" class=\"elementor-section elementor-top-section elementor-element elementor-element-94f6983 elementor-section-boxed elementor-section-height-default elementor-section-height-default exad-parallax-effect-no exad-background-color-change-no exad-glass-effect-no exad-sticky-section-no\" data-id=\"94f6983\" data-element_type=\"section\" data-e-type=\"section\">\n\t\t\t\t\t\t<div class=\"elementor-container elementor-column-gap-default\">\n\t\t\t\t\t<div class=\"elementor-column elementor-col-100 elementor-top-column elementor-element elementor-element-df9f783 exad-glass-effect-no exad-sticky-section-no\" data-id=\"df9f783\" data-element_type=\"column\" data-e-type=\"column\">\n\t\t\t<div class=\"elementor-widget-wrap elementor-element-populated\">\n\t\t\t\t\t\t<div class=\"elementor-element elementor-element-5acece2 elementor-hidden-mobile elementor-hidden-desktop elementor-hidden-tablet exad-sticky-section-no exad-glass-effect-no elementor-widget elementor-widget-heading\" data-id=\"5acece2\" data-element_type=\"widget\" data-e-type=\"widget\" data-widget_type=\"heading.default\">\n\t\t\t\t<div class=\"elementor-widget-container\">\n\t\t\t\t\t<h2 class=\"elementor-heading-title elementor-size-default\">Edelstahlpools \n<br>vom Profi f\u00fcr den Profi<br>\nVerkauf ab Werk<\/h2>\t\t\t\t<\/div>\n\t\t\t\t<\/div>\n\t\t\t\t\t<\/div>\n\t\t<\/div>\n\t\t\t\t\t<\/div>\n\t\t<\/section>\n\t\t\t\t<section data-exad-particle-enable=\"false\" class=\"elementor-section elementor-top-section elementor-element elementor-element-4bb3587 elementor-section-boxed elementor-section-height-default elementor-section-height-default exad-parallax-effect-no exad-background-color-change-no exad-glass-effect-no exad-sticky-section-no\" data-id=\"4bb3587\" data-element_type=\"section\" data-e-type=\"section\">\n\t\t\t\t\t\t<div class=\"elementor-container elementor-column-gap-default\">\n\t\t\t\t\t<div class=\"elementor-column elementor-col-100 elementor-top-column elementor-element elementor-element-94dd2ab exad-glass-effect-no exad-sticky-section-no\" data-id=\"94dd2ab\" data-element_type=\"column\" data-e-type=\"column\">\n\t\t\t<div class=\"elementor-widget-wrap elementor-element-populated\">\n\t\t\t\t\t\t<div class=\"elementor-element elementor-element-3a9ec5f exad-sticky-section-no elementor-widget elementor-widget-exad-exclusive-button\" data-id=\"3a9ec5f\" data-element_type=\"widget\" data-e-type=\"widget\" data-widget_type=\"exad-exclusive-button.default\">\n\t\t\t\t<div class=\"elementor-widget-container\">\n\t\t\t\t\t\r\n\t\t<div class=\"exad-button-wrapper effect-3 exad-button-incon-before-text exad-button-fixed-height-no\">\r\n\r\n\t\t\t\r\n\t\t\t<a href=\"#\" class=\"exad-button-action\">\r\n\t\t\t\t\t\t\t\t\t\t<span class=\"exad-button-icon-wrapper\">\r\n\t\t\t\t\t\t<i aria-hidden=\"true\" class=\"teenyicon ti-pool\"><\/i><\/span><span>Angebot anfragen<\/span>\t\t\t<\/a>\r\n\r\n\t\t\t\t\t<\/div>\r\n\t\t\t\t\t\t<\/div>\n\t\t\t\t<\/div>\n\t\t\t\t\t<\/div>\n\t\t<\/div>\n\t\t\t\t\t<\/div>\n\t\t<\/section>\n\t\t\t\t<section data-exad-particle-enable=\"false\" class=\"elementor-section elementor-top-section elementor-element elementor-element-48c831fc elementor-section-boxed elementor-section-height-default elementor-section-height-default exad-parallax-effect-no exad-background-color-change-no exad-glass-effect-no exad-sticky-section-no\" data-id=\"48c831fc\" data-element_type=\"section\" data-e-type=\"section\">\n\t\t\t\t\t\t<div class=\"elementor-container elementor-column-gap-default\">\n\t\t\t\t\t<div class=\"elementor-column elementor-col-50 elementor-top-column elementor-element elementor-element-36d10103 exad-glass-effect-no exad-sticky-section-no\" data-id=\"36d10103\" data-element_type=\"column\" data-e-type=\"column\">\n\t\t\t<div class=\"elementor-widget-wrap elementor-element-populated\">\n\t\t\t\t\t\t<div class=\"elementor-element elementor-element-561dc18d exad-sticky-section-no exad-glass-effect-no elementor-widget elementor-widget-exad-animated-shape\" data-id=\"561dc18d\" data-element_type=\"widget\" data-e-type=\"widget\" data-widget_type=\"exad-animated-shape.default\">\n\t\t\t\t<div class=\"elementor-widget-container\">\n\t\t\t\t\t\t<div class=\"exad-animated-shape\">\n\t\t<div class=\"exad-animated-shape-image style_2\">\n\t\t\t<img fetchpriority=\"high\" decoding=\"async\" width=\"768\" height=\"768\" src=\"https:\/\/poolsb2b.com\/wp-content\/uploads\/2026\/01\/2596322-768x768.jpg\" class=\"attachment-medium_large size-medium_large wp-image-100\" alt=\"\" srcset=\"https:\/\/poolsb2b.com\/wp-content\/uploads\/2026\/01\/2596322-768x768.jpg 768w, https:\/\/poolsb2b.com\/wp-content\/uploads\/2026\/01\/2596322-300x300.jpg 300w, https:\/\/poolsb2b.com\/wp-content\/uploads\/2026\/01\/2596322-150x150.jpg 150w, https:\/\/poolsb2b.com\/wp-content\/uploads\/2026\/01\/2596322.jpg 1000w\" sizes=\"(max-width: 768px) 100vw, 768px\" \/>\t\t<\/div>\n\t<\/div>\n\t\t\t\t\t<\/div>\n\t\t\t\t<\/div>\n\t\t\t\t\t<\/div>\n\t\t<\/div>\n\t\t\t\t<div class=\"elementor-column elementor-col-50 elementor-top-column elementor-element elementor-element-1fb345a0 exad-glass-effect-no exad-sticky-section-no\" data-id=\"1fb345a0\" data-element_type=\"column\" data-e-type=\"column\">\n\t\t\t<div class=\"elementor-widget-wrap elementor-element-populated\">\n\t\t\t\t\t\t<div class=\"elementor-element elementor-element-3a83b8d exad-sticky-section-no exad-glass-effect-no elementor-widget elementor-widget-exad-exclusive-heading\" data-id=\"3a83b8d\" data-element_type=\"widget\" data-e-type=\"widget\" data-widget_type=\"exad-exclusive-heading.default\">\n\t\t\t\t<div class=\"elementor-widget-container\">\n\t\t\t\t\t\r\n        <div class=\"exad-exclusive-heading\">\r\n            <div class=\"exad-exclusive-heading-wrapper exad-heading-left exad-heading-simple\">\r\n\t\t\t\r\n                <h1 data-content=\"Sie wollen Ihren Kunden einen Pool der besten Qualit\u00e4t anbieten, aber nicht zeigen, wer der Hersteller ist?\" class=\"exad-exclusive-heading-title\">\r\n\t\t\t\t\tSie wollen Ihren Kunden einen Pool der besten Qualit\u00e4t anbieten, aber nicht zeigen, wer der Hersteller ist?\t\t\t\t<\/h1>\r\n\t\r\n                \t\t\t\t\t<div class=\"exad-heading-separator\"><\/div>\r\n\t\t\t\t                    <p class=\"exad-exclusive-heading-description\">\r\n\t\t\t\t\t\tDann sind Sie hier genau richtig!\n\nWir stellen siet mehr als 15 Jahren Schwimmbecken aus Edelstahl her und bieten seit Kurzem eine Produktpalette exklusiv f\u00fcr den Poolprofi.                    <\/p>\r\n\t\t\t\t\r\n            <\/div>\r\n        <\/div>\r\n\t\t\t\t\t<\/div>\n\t\t\t\t<\/div>\n\t\t\t\t<section data-exad-particle-enable=\"false\" class=\"elementor-section elementor-inner-section elementor-element elementor-element-e6a0db0 elementor-section-boxed elementor-section-height-default elementor-section-height-default exad-parallax-effect-no exad-background-color-change-no exad-glass-effect-no exad-sticky-section-no\" data-id=\"e6a0db0\" data-element_type=\"section\" data-e-type=\"section\">\n\t\t\t\t\t\t<div class=\"elementor-container elementor-column-gap-default\">\n\t\t\t\t\t<div class=\"elementor-column elementor-col-100 elementor-inner-column elementor-element elementor-element-33735ae8 exad-glass-effect-no exad-sticky-section-no\" data-id=\"33735ae8\" data-element_type=\"column\" data-e-type=\"column\">\n\t\t\t<div class=\"elementor-widget-wrap elementor-element-populated\">\n\t\t\t\t\t\t<div class=\"elementor-element elementor-element-195450b1 exad-sticky-section-no exad-glass-effect-no elementor-widget elementor-widget-exad-exclusive-button\" data-id=\"195450b1\" data-element_type=\"widget\" data-e-type=\"widget\" data-widget_type=\"exad-exclusive-button.default\">\n\t\t\t\t<div class=\"elementor-widget-container\">\n\t\t\t\t\t\r\n\t\t<div class=\"exad-button-wrapper effect-8 exad-button-incon-before-text exad-button-fixed-height-no mouse-hover-effect\">\r\n\r\n\t\t\t\r\n\t\t\t<a href=\"#\" class=\"exad-button-action\">\r\n\t\t\t\t<span>Angebot anfragen<\/span><span class=\"effect-8-position\"><\/span>\t\t\t<\/a>\r\n\r\n\t\t\t\t\t<\/div>\r\n\t\t\t\t\t\t<\/div>\n\t\t\t\t<\/div>\n\t\t\t\t\t<\/div>\n\t\t<\/div>\n\t\t\t\t\t<\/div>\n\t\t<\/section>\n\t\t\t\t\t<\/div>\n\t\t<\/div>\n\t\t\t\t\t<\/div>\n\t\t<\/section>\n\t\t\t\t<section data-exad-particle-enable=\"false\" class=\"elementor-section elementor-top-section elementor-element elementor-element-2de5f98 elementor-section-boxed elementor-section-height-default elementor-section-height-default exad-parallax-effect-no exad-background-color-change-no exad-glass-effect-no exad-sticky-section-no\" data-id=\"2de5f98\" data-element_type=\"section\" data-e-type=\"section\">\n\t\t\t\t\t\t<div class=\"elementor-container elementor-column-gap-default\">\n\t\t\t\t\t<div class=\"elementor-column elementor-col-50 elementor-top-column elementor-element elementor-element-b125163 exad-glass-effect-no exad-sticky-section-no\" data-id=\"b125163\" data-element_type=\"column\" data-e-type=\"column\">\n\t\t\t<div class=\"elementor-widget-wrap elementor-element-populated\">\n\t\t\t\t\t\t<div class=\"elementor-element elementor-element-3998489 exad-sticky-section-no exad-glass-effect-no elementor-widget elementor-widget-heading\" data-id=\"3998489\" data-element_type=\"widget\" data-e-type=\"widget\" data-widget_type=\"heading.default\">\n\t\t\t\t<div class=\"elementor-widget-container\">\n\t\t\t\t\t<h2 class=\"elementor-heading-title elementor-size-default\">Skimmer Pool<\/h2>\t\t\t\t<\/div>\n\t\t\t\t<\/div>\n\t\t\t\t<div class=\"elementor-element elementor-element-7ee5538 exad-sticky-section-no exad-glass-effect-no elementor-widget elementor-widget-text-editor\" data-id=\"7ee5538\" data-element_type=\"widget\" data-e-type=\"widget\" data-widget_type=\"text-editor.default\">\n\t\t\t\t<div class=\"elementor-widget-container\">\n\t\t\t\t\t\t\t\t\t<p>Bei einem Skimmerbecken wird das Wasser genau dort abgesaugt, wo sich Schmutz zuerst sammelt: an der Oberfl\u00e4che. \u00dcber Skimmer\u00f6ffnungen auf H\u00f6he des Wasserspiegels gelangt das verschmutzte Wasser zur Umw\u00e4lzpumpe. Der Skimmer besteht aus einer Ansaug\u00f6ffnung mit beweglichem Wehr und einem integrierten Siebkorb, der grobe Verunreinigungen wie Bl\u00e4tter oder Insekten zuverl\u00e4ssig auff\u00e4ngt. Das gereinigte Wasser flie\u00dft anschlie\u00dfend \u00fcber Einstr\u00f6md\u00fcsen gleichm\u00e4\u00dfig zur\u00fcck ins Becken.<\/p>\t\t\t\t\t\t\t\t<\/div>\n\t\t\t\t<\/div>\n\t\t\t\t\t<\/div>\n\t\t<\/div>\n\t\t\t\t<div class=\"elementor-column elementor-col-50 elementor-top-column elementor-element elementor-element-6a91599 exad-glass-effect-no exad-sticky-section-no\" data-id=\"6a91599\" data-element_type=\"column\" data-e-type=\"column\">\n\t\t\t<div class=\"elementor-widget-wrap elementor-element-populated\">\n\t\t\t\t\t\t<div class=\"elementor-element elementor-element-8a847ea exad-sticky-section-no exad-glass-effect-no elementor-widget elementor-widget-heading\" data-id=\"8a847ea\" data-element_type=\"widget\" data-e-type=\"widget\" data-widget_type=\"heading.default\">\n\t\t\t\t<div class=\"elementor-widget-container\">\n\t\t\t\t\t<h2 class=\"elementor-heading-title elementor-size-default\">\u00dcberlauf \/ Infinity Pool<\/h2>\t\t\t\t<\/div>\n\t\t\t\t<\/div>\n\t\t\t\t<div class=\"elementor-element elementor-element-3555078 exad-sticky-section-no exad-glass-effect-no elementor-widget elementor-widget-text-editor\" data-id=\"3555078\" data-element_type=\"widget\" data-e-type=\"widget\" data-widget_type=\"text-editor.default\">\n\t\t\t\t<div class=\"elementor-widget-container\">\n\t\t\t\t\t\t\t\t\t<p data-start=\"133\" data-end=\"430\">Infinitypools, auch \u00dcberlaufbecken genannt, lassen Wasser und Horizont miteinander verschmelzen. Was einst Luxushotels vorbehalten war, bringt heute exklusives Urlaubsgef\u00fchl in den eigenen Garten. Elegant, modern und beeindruckend \u2013 ein Infinitypool steht f\u00fcr pure Entspannung und zeitlosen Luxus.<\/p><p data-start=\"432\" data-end=\"702\">Das Besondere: Das Wasser l\u00e4uft kontrolliert \u00fcber die \u00dcberlaufkante ab und erzeugt einen gleichm\u00e4\u00dfigen, ruhigen Wasserspiegel. F\u00fcr h\u00f6chste Pr\u00e4zision setzen wir auf modernste Lasermesstechnik, die selbst minimale Toleranzen exakt \u00fcberwacht \u2013 f\u00fcr ein perfektes Gesamtbild.<\/p>\t\t\t\t\t\t\t\t<\/div>\n\t\t\t\t<\/div>\n\t\t\t\t\t<\/div>\n\t\t<\/div>\n\t\t\t\t\t<\/div>\n\t\t<\/section>\n\t\t\t\t<\/div>\n\t\t","protected":false},"excerpt":{"rendered":"<p>https:\/\/poolsb2b.com\/wp-content\/uploads\/2026\/01\/Prefab1.mp4 Edelstahlpools vom Profi f\u00fcr den Profi Verkauf ab Werk Edelstahlpools vom Profi f\u00fcr den Profi Verkauf ab Werk Angebot [&hellip;]<\/p>\n","protected":false},"author":1,"featured_media":0,"parent":0,"menu_order":0,"comment_status":"closed","ping_status":"open","template":"elementor_header_footer","meta":{"site-sidebar-layout":"default","site-content-layout":"","ast-site-content-layout":"default","site-content-style":"default","site-sidebar-style":"default","ast-global-header-display":"","ast-banner-title-visibility":"","ast-main-header-display":"","ast-hfb-above-header-display":"","ast-hfb-below-header-display":"","ast-hfb-mobile-header-display":"","site-post-title":"","ast-breadcrumbs-content":"","ast-featured-img":"","footer-sml-layout":"","ast-disable-related-posts":"","theme-transparent-header-meta":"","adv-header-id-meta":"","stick-header-meta":"","header-above-stick-meta":"","header-main-stick-meta":"","header-below-stick-meta":"","astra-migrate-meta-layouts":"default","ast-page-background-enabled":"default","ast-page-background-meta":{"desktop":{"background-color":"var(--ast-global-color-5)","background-image":"","background-repeat":"repeat","background-position":"center center","background-size":"auto","background-attachment":"scroll","background-type":"","background-media":"","overlay-type":"","overlay-color":"","overlay-opacity":"","overlay-gradient":""},"tablet":{"background-color":"","background-image":"","background-repeat":"repeat","background-position":"center center","background-size":"auto","background-attachment":"scroll","background-type":"","background-media":"","overlay-type":"","overlay-color":"","overlay-opacity":"","overlay-gradient":""},"mobile":{"background-color":"","background-image":"","background-repeat":"repeat","background-position":"center center","background-size":"auto","background-attachment":"scroll","background-type":"","background-media":"","overlay-type":"","overlay-color":"","overlay-opacity":"","overlay-gradient":""}},"ast-content-background-meta":{"desktop":{"background-color":"var(--ast-global-color-4)","background-image":"","background-repeat":"repeat","background-position":"center center","background-size":"auto","background-attachment":"scroll","background-type":"","background-media":"","overlay-type":"","overlay-color":"","overlay-opacity":"","overlay-gradient":""},"tablet":{"background-color":"var(--ast-global-color-4)","background-image":"","background-repeat":"repeat","background-position":"center center","background-size":"auto","background-attachment":"scroll","background-type":"","background-media":"","overlay-type":"","overlay-color":"","overlay-opacity":"","overlay-gradient":""},"mobile":{"background-color":"var(--ast-global-color-4)","background-image":"","background-repeat":"repeat","background-position":"center center","background-size":"auto","background-attachment":"scroll","background-type":"","background-media":"","overlay-type":"","overlay-color":"","overlay-opacity":"","overlay-gradient":""}},"footnotes":""},"class_list":["post-2","page","type-page","status-publish","hentry"],"_links":{"self":[{"href":"https:\/\/poolsb2b.com\/index.php?rest_route=\/wp\/v2\/pages\/2","targetHints":{"allow":["GET"]}}],"collection":[{"href":"https:\/\/poolsb2b.com\/index.php?rest_route=\/wp\/v2\/pages"}],"about":[{"href":"https:\/\/poolsb2b.com\/index.php?rest_route=\/wp\/v2\/types\/page"}],"author":[{"embeddable":true,"href":"https:\/\/poolsb2b.com\/index.php?rest_route=\/wp\/v2\/users\/1"}],"replies":[{"embeddable":true,"href":"https:\/\/poolsb2b.com\/index.php?rest_route=%2Fwp%2Fv2%2Fcomments&post=2"}],"version-history":[{"count":76,"href":"https:\/\/poolsb2b.com\/index.php?rest_route=\/wp\/v2\/pages\/2\/revisions"}],"predecessor-version":[{"id":116,"href":"https:\/\/poolsb2b.com\/index.php?rest_route=\/wp\/v2\/pages\/2\/revisions\/116"}],"wp:attachment":[{"href":"https:\/\/poolsb2b.com\/index.php?rest_route=%2Fwp%2Fv2%2Fmedia&parent=2"}],"curies":[{"name":"wp","href":"https:\/\/api.w.org\/{rel}","templated":true}]}}